{"id":169,"date":"2019-11-23T09:55:42","date_gmt":"2019-11-23T08:55:42","guid":{"rendered":"https:\/\/www.escacsmontbui.cat\/?page_id=169"},"modified":"2025-07-13T11:53:09","modified_gmt":"2025-07-13T09:53:09","slug":"partides-rapides","status":"publish","type":"page","link":"https:\/\/www.escacsmontbui.cat\/index.php\/partides-rapides\/","title":{"rendered":"Campionat de Partides R\u00e0pides"},"content":{"rendered":"\n<p>Dissabte 12 de juliol de 2025 a partir de les 10 del mat\u00ed al CENTRE CULTURAL MONT-\u00c0GORA de Santa Margarida de Montbui.<br>El Campionat es disputar\u00e0 en sistema su\u00eds a 8 rondes.<br>Ritme de joc: 5 minuts + increment de 3 segons<\/p>\n\n\n\n<p><strong>PREMIS:<\/strong><\/p>\n\n\n\n<ul class=\"wp-block-list\">\n<li>1er CLASSIFICAT &#8211; TROFEU<\/li>\n\n\n\n<li>2on CLASSIFICAT &#8211; TROFEU<\/li>\n\n\n\n<li>3er CLASSIFICAT &#8211; TROFEU<\/li>\n\n\n\n<li>1er CLASSIFICAT LOCAL<\/li>\n\n\n\n<li>1er CLASSIFICAT MENOR 16 ANYS<\/li>\n<\/ul>\n\n\n\n<p>Les inscripcions s\u00f3n gratu\u00eftes i obertes a tothom. Es podran realitzar  fins que s&#8217;esgotin les places disponibles o fins al mateix  dissabte fins a les 9:45 hores.<\/p>\n\n\n\n<p>Les inscripcions es poden fer per whatsapp o per tel\u00e8fon al 677150450 \u2013 Jordi Montiel.<br>Per email a <a href=\"mailto:escacsmontbui@gmail.com\">escacsmontbui@gmail.com<\/a> o en el Formulari que hi ha m\u00e9s avall.<\/p>\n\n\n\n<p><strong>NORMES DEL TORNEIG<\/strong><\/p>\n\n\n\n<ul class=\"wp-block-list\">\n<li>Els desempats seran els seg\u00fcents i per aquest ordre: Bucholz Mitj\u00e0, Bucholz i Progress. <\/li>\n\n\n\n<li>Es penalitza amb la p\u00e8rdua de la partida en la segona jugada il\u00b7legal.<\/li>\n\n\n\n<li>Les incompareixences no justificades comporten l&#8217;eliminaci\u00f3 del Torneig. <\/li>\n\n\n\n<li>Els emparellaments es faran per ordre Elo Catal\u00e0 i en cas de no tenir-ne, s&#8217;assignar\u00e0 una puntuaci\u00f3 de 1600. <\/li>\n\n\n\n<li>Els premis no s\u00f3n acumulatius. <\/li>\n\n\n\n<li>Es prega no utilitzar el tel\u00e8fon m\u00f2bil durant la competici\u00f3. <\/li>\n<\/ul>\n\n\n\n<ul class=\"wp-block-list\">\n<li>Laparticipaci\u00f3 en aquest torneig suposa l&#8217;acceptaci\u00f3 de les bases per part dels participants. Qualsevol altre fet que no estigui previst en aquest document es resoldr\u00e0 aplicant el reglament de la FIDE i la Federaci\u00f3 Catalana d&#8217;Escacs.<br>\t<\/li>\n\n\n\n<li>L&#8217;organitzaci\u00f3<br>\tes reserva el dret de modificar les bases.<br><\/li>\n<\/ul>\n\n\n\n<p><\/p>\n","protected":false},"excerpt":{"rendered":"<p>Dissabte 12 de juliol de 2025 a partir de les 10 del mat\u00ed al CENTRE CULTURAL MONT-\u00c0GORA de Santa Margarida de Montbui.El Campionat es disputar\u00e0 en sistema su\u00eds a 8 rondes.Ritme de joc: 5 minuts + increment de 3 segons PREMIS: Les inscripcions s\u00f3n gratu\u00eftes i obertes a tothom. Es podran realitzar fins que s&#8217;esgotin [&hellip;]<\/p>\n","protected":false},"author":1,"featured_media":0,"parent":0,"menu_order":0,"comment_status":"open","ping_status":"closed","template":"","meta":{"_exactmetrics_skip_tracking":false,"_exactmetrics_sitenote_active":false,"_exactmetrics_sitenote_note":"","_exactmetrics_sitenote_category":0,"footnotes":""},"class_list":["post-169","page","type-page","status-publish","hentry"],"_links":{"self":[{"href":"https:\/\/www.escacsmontbui.cat\/index.php\/wp-json\/wp\/v2\/pages\/169","targetHints":{"allow":["GET"]}}],"collection":[{"href":"https:\/\/www.escacsmontbui.cat\/index.php\/wp-json\/wp\/v2\/pages"}],"about":[{"href":"https:\/\/www.escacsmontbui.cat\/index.php\/wp-json\/wp\/v2\/types\/page"}],"author":[{"embeddable":true,"href":"https:\/\/www.escacsmontbui.cat\/index.php\/wp-json\/wp\/v2\/users\/1"}],"replies":[{"embeddable":true,"href":"https:\/\/www.escacsmontbui.cat\/index.php\/wp-json\/wp\/v2\/comments?post=169"}],"version-history":[{"count":26,"href":"https:\/\/www.escacsmontbui.cat\/index.php\/wp-json\/wp\/v2\/pages\/169\/revisions"}],"predecessor-version":[{"id":867,"href":"https:\/\/www.escacsmontbui.cat\/index.php\/wp-json\/wp\/v2\/pages\/169\/revisions\/867"}],"wp:attachment":[{"href":"https:\/\/www.escacsmontbui.cat\/index.php\/wp-json\/wp\/v2\/media?parent=169"}],"curies":[{"name":"wp","href":"https:\/\/api.w.org\/{rel}","templated":true}]}}