{"id":379,"date":"2022-11-18T19:47:56","date_gmt":"2022-11-18T18:47:56","guid":{"rendered":"https:\/\/www.escacsmontbui.cat\/?page_id=379"},"modified":"2025-11-29T14:58:48","modified_gmt":"2025-11-29T13:58:48","slug":"campionat-de-partides-rapides","status":"publish","type":"page","link":"https:\/\/www.escacsmontbui.cat\/index.php\/campionat-de-partides-rapides\/","title":{"rendered":"Campionat de Partides R\u00e0pides"},"content":{"rendered":"\n<p>Divendres 28 de novembre a partir de les 21:00 hores.<\/p>\n\n\n\n<p>El Campionat es disputar\u00e0 en Sistema Su\u00eds a 8 rondes.<\/p>\n\n\n\n<p>Ritme de Joc: 3 minuts + increment de 2 segons per moviment per jugador.<\/p>\n\n\n\n<p>Premis:<br>1er Classificat Elo Catal\u00e0 superior a 1950 (TROFEU).<br>2on Classificat Elo Catal\u00e0 superior a1950 (TROFEU).<\/p>\n\n\n\n<p>1er Classificat Elo Catal\u00e0 fins a 1949 (TROFEU).<br>2on Classificat Elo Catal\u00e0 fins a 1949 (TROFEU).<\/p>\n\n\n\n<p>NORMES DEL TORNEIG<\/p>\n\n\n\n<ul class=\"wp-block-list\">\n<li>Els desempats seran els seg\u00fcents i per aquest ordre: Bucholz Mitj\u00e0, Bucholz i Progress.<\/li>\n\n\n\n<li>Es penalitza amb la p\u00e8rdua de la partida en la segona jugada il\u00b7legal.<\/li>\n\n\n\n<li>Les incompareixences no justificades comporten l&#8217;eliminaci\u00f3 del Torneig.<\/li>\n\n\n\n<li>Els emparellaments es faran per ordre Elo Catal\u00e0 i en cas de no tenir-ne, s&#8217;assignar\u00e0 una puntuaci\u00f3 de 1600.<\/li>\n\n\n\n<li>Els premis no s\u00f3n acumulatius.<\/li>\n\n\n\n<li>Es prega no utilitzar el tel\u00e8fon m\u00f2bil durant la competici\u00f3.<\/li>\n\n\n\n<li>La participaci\u00f3 en aquest torneig suposa l&#8217;acceptaci\u00f3 de les bases per part dels participants. Qualsevol altre fet que no estigui previst en aquest document es resoldr\u00e0 aplicant el reglament de la FIDE i la Federaci\u00f3 Catalana d&#8217;Escacs.<\/li>\n\n\n\n<li>L&#8217;organitzaci\u00f3 es reserva el dret de modificar les bases.<\/li>\n<\/ul>\n\n\n\n<p>OBERT A JUGADORS NO FEDERATS.<\/p>\n\n\n\n<p>INSCRIPCIONS:<\/p>\n\n\n\n<p>FINS A LES 20:45 HORES A LA MATEIXA SALA DE JOC<br>PER WHATSAPP O TEL\u00c8FON \u2013 677 150 450<br>PER MAIL A escacsmontbui@gmail.com<br>PER LA WEB \u2013 www.escacsmontbui.cat (omplint el formulari)<\/p>\n\n\n\n<p>GRATU\u00cfT.<\/p>\n\n\n\n<p>L\u2019ENTREGA DE PREMIS DEL XXVII\u00e9 OBERT D\u2019ESCACS ES FAR\u00c0 AL FINALITZAR LES R\u00c0PIDES APROXIMADAMENT A LES 11 DE LA NIT.<\/p>\n","protected":false},"excerpt":{"rendered":"<p>Divendres 28 de novembre a partir de les 21:00 hores. El Campionat es disputar\u00e0 en Sistema Su\u00eds a 8 rondes. Ritme de Joc: 3 minuts + increment de 2 segons per moviment per jugador. Premis:1er Classificat Elo Catal\u00e0 superior a 1950 (TROFEU).2on Classificat Elo Catal\u00e0 superior a1950 (TROFEU). 1er Classificat Elo Catal\u00e0 fins a 1949 [&hellip;]<\/p>\n","protected":false},"author":1,"featured_media":0,"parent":0,"menu_order":0,"comment_status":"closed","ping_status":"closed","template":"","meta":{"_exactmetrics_skip_tracking":false,"_exactmetrics_sitenote_active":false,"_exactmetrics_sitenote_note":"","_exactmetrics_sitenote_category":0,"footnotes":""},"class_list":["post-379","page","type-page","status-publish","hentry"],"_links":{"self":[{"href":"https:\/\/www.escacsmontbui.cat\/index.php\/wp-json\/wp\/v2\/pages\/379","targetHints":{"allow":["GET"]}}],"collection":[{"href":"https:\/\/www.escacsmontbui.cat\/index.php\/wp-json\/wp\/v2\/pages"}],"about":[{"href":"https:\/\/www.escacsmontbui.cat\/index.php\/wp-json\/wp\/v2\/types\/page"}],"author":[{"embeddable":true,"href":"https:\/\/www.escacsmontbui.cat\/index.php\/wp-json\/wp\/v2\/users\/1"}],"replies":[{"embeddable":true,"href":"https:\/\/www.escacsmontbui.cat\/index.php\/wp-json\/wp\/v2\/comments?post=379"}],"version-history":[{"count":19,"href":"https:\/\/www.escacsmontbui.cat\/index.php\/wp-json\/wp\/v2\/pages\/379\/revisions"}],"predecessor-version":[{"id":1062,"href":"https:\/\/www.escacsmontbui.cat\/index.php\/wp-json\/wp\/v2\/pages\/379\/revisions\/1062"}],"wp:attachment":[{"href":"https:\/\/www.escacsmontbui.cat\/index.php\/wp-json\/wp\/v2\/media?parent=379"}],"curies":[{"name":"wp","href":"https:\/\/api.w.org\/{rel}","templated":true}]}}